{"id":8474,"date":"2024-03-27T17:43:55","date_gmt":"2024-03-27T17:43:55","guid":{"rendered":"https:\/\/acerorossodolomiti.it\/privacy-policy\/"},"modified":"2024-04-18T07:58:35","modified_gmt":"2024-04-18T07:58:35","slug":"privacy-policy","status":"publish","type":"page","link":"https:\/\/acerorossodolomiti.it\/en\/privacy-policy\/","title":{"rendered":"Privacy Policy"},"content":{"rendered":"\t\t<div data-elementor-type=\"wp-page\" data-elementor-id=\"8474\" class=\"elementor elementor-8474 elementor-3\" data-elementor-post-type=\"page\">\n\t\t\t\t<div class=\"elementor-element elementor-element-4b1c651d e-flex e-con-boxed e-con e-parent\" data-id=\"4b1c651d\" data-element_type=\"container\" data-e-type=\"container\">\n\t\t\t\t\t<div class=\"e-con-inner\">\n\t\t\t\t<div class=\"elementor-element elementor-element-7963c96a elementor-widget elementor-widget-text-editor\" data-id=\"7963c96a\" data-element_type=\"widget\" data-e-type=\"widget\" data-widget_type=\"text-editor.default\">\n\t\t\t\t<div class=\"elementor-widget-container\">\n\t\t\t\t\t\t\t\t\t<header class=\"entry-header\"><\/header><div class=\"entry-content\"><h4>Informativa sulla privacy<\/h4><h5>(Art. 13 e 14 Regolamento UE 2016\/679)<\/h5><p><strong>La presente informativa descrive le modalit\u00e0 di gestione del sito web Ristorante AceroRosso (www.acerorossodolomiti.it)\u00a0in riferimento al trattamento dei dati personali degli utenti, identificati o identificabili, che lo consultano e che interagiscono con esso. L\u2019informativa \u00e8 resa ai sensi del Regolamento UE 2016\/679 (\u201cGeneral Data Protection Regulation\u201d oppure \u201cGDPR\u201d).<\/strong><\/p><h4>(Art. 13 e 14 Regolamento UE 2016\/679)<\/h4><p>La presente informativa descrive le modalit\u00e0 di gestione del sito web ufficiale del RISTORANTE ACERO ROSSO di Melon Aldo in riferimento al trattamento dei dati personali degli utenti, identificati o identificabili, che lo consultano e che interagiscono con esso. L\u2019informativa \u00e8 resa ai sensi del Regolamento UE 2016\/679 (\u201cGeneral Data Protection Regulation\u201d oppure \u201cGDPR\u201d).<\/p><hr \/><h4>TIPOLOGIA DI DATI RACCOLTI<\/h4><p>Quando utilizzi il nostro sito o i nostri servizi, accetti che vengano raccolti alcuni tuoi dati personali. Questa sezione ha lo scopo di dirti quando e quali dati personali raccogliamo.<\/p><h4>DATI FORNITI DALL\u2019UTENTE<\/h4><h5>DATI RACCOLTI PER RICHIESTE GENERICHE E DI PRENOTAZIONE<\/h5><p><strong>Sul presente sito NON viene richiesto alcun dato.<\/strong> Il RISTORANTE ACERO ROSSO di Melon Aldo fornisce informazioni relative al ristorante, per confermare eventuali richieste di prenotazione, esclusivamente tramite contatto telefonico diretto, messaggio Whatsapp e invio da parte dell&#8217;utente di richieste volontarie indirizzate alla mail info@acerorossodolomiti.it.<\/p><h5>DATI DI TERZI<\/h5><p>Se fornisci dati di terzi, spetta a te verificare di avere i permessi per l\u2019immissione di dati personali o di contenuti tutelati dalle norme nazionali ed internazionali.<\/p><h5>DATI DI MINORI DI ANNI 16<\/h5><p>Se hai meno di 16 anni non puoi fornirci alcun dato personale ed in ogni caso non assumiamo responsabilit\u00e0 per eventuali dichiarazioni false da te fornite. Qualora ci accorgessimo dell\u2019esistenza di dichiarazioni non veritiere procederemo con la cancellazione immediata di ogni dato personale acquisito.<\/p><h4>DATI CHE RACCOGLIAMO AUTOMATICAMENTE<\/h4><p>Raccogliamo i seguenti dati automaticamente mediante la consultazione del sito e\/o i servizi che utilizzi:<\/p><ul><li>dati tecnici: ad esempio indirizzo IP, tipo di browser, informazioni sul tuo computer, indirizzo\/url visitato, il tutto in forma anonima;<\/li><li>dati raccolti utilizzando i cookie o tecnologie similari: per ulteriori informazioni, ti invitiamo a visitare la sezione <a href=\"https:\/\/acerorossodolomiti.it\/smootie\/privacy-cookie-policy\/\"><strong>Cookie Policy<\/strong><\/a>.<\/li><\/ul><hr \/><h4>UTILIZZO DEI DATI RACCOLTI<\/h4><p>Utilizziamo esclusivamente i dati inviati volontariamente tramite i contatti visibili sul sito: telefono, messaggio e all&#8217;indirizzo info@acerorossodolomiti.it per offrirti vari servizi e per le seguenti finalit\u00e0.<\/p><ul><li>Richieste di prenotazione al RISTORANTE ACERO ROSSO.<\/li><li>Informazioni generiche relative all\u2019attivit\u00e0 del RISTORANTE ACERO ROSSO<\/li><li>Proposte di lavoro\/collaborazione\/forniture con il RISTORANTE ACERO ROSSO<\/li><\/ul><hr \/><h4>OBBLIGATORIET\u00c0 CONFERIMENTO DATI<\/h4><p>Il conferimento dei dati personali \u00e8 obbligatorio in quasi tutte le varie casistiche di pagine\/moduli esclusivamente per i trattamenti necessari all\u2019erogazione o all\u2019accesso dei servizi, sar\u00e0 per\u00f2 possibile negare il consenso per funzionalit\u00e0 o finalit\u00e0 aggiuntive indicate nella rispettiva pagina. <strong>Il sito acerorossodolomiti.it non dispone di alcun modulo che permetta l&#8217;invio di dati da parte dell&#8217;utente.<\/strong><\/p><hr \/><h4>SOGGETTI DEL TRATTAMENTO<\/h4><h5>TITOLARE DEL TRATTAMENTO<\/h5><p>Il Titolare del trattamento dei dati personali \u00e8 il RISTORANTE ACERO ROSSO di Melon Aldo,\u00a0via Ruvignan, 1, 32040 Vodo Cadore BL<br \/>E-mail <a href=\"mailto:info@acerorossodolomiti.it\">info@acerorossodolomiti.it<\/a><\/p><h5>RESPONSABILI DEL TRATTAMENTO<\/h5><p>L\u2019elenco completo ed aggiornato dei Responsabili del trattamento, conformi alla normativa GDPR e\/o all\u2019accordo Privacy Shield EU-US, \u00e8 conoscibile a mera richiesta presso RISTORANTE ACERO ROSSO di Melon Aldo, e-mail <a href=\"mailto:privacy@acerorossodolomiti.it\">privacy@acerorossodolomiti.it<\/a><\/p><h5>ACCESSO AI DATI PERSONALI DA ALTRI SOGGETTI<\/h5><p>I\u00a0 dati raccolti nell\u2019ambito dell\u2019erogazione del servizio potranno essere comunicati a:<\/p><ul><li>societ\u00e0 che svolgono funzioni strettamente connesse e strumentali all\u2019operativit\u00e0, quali ad esempio fornitori o consulenti tecnici;<\/li><li>enti ed autorit\u00e0 amministrative e giudiziarie in virt\u00f9 degli obblighi di legge.<\/li><\/ul><p>In nessun caso cediamo o vendiamo dati personali a soggetti terzi.<\/p><hr \/><h4>DIRITTI DELL\u2019UTENTE IN MERITO AD ACCESSO, MODIFICA E CANCELLAZIONE<\/h4><h5>ACCESSO AI DATI PERSONALI E REVOCA DEL CONSENSO<\/h5><p>Se ti sei iscritto alla newsletter dal sito e non desideri pi\u00f9 riceverla, puoi utilizzare il link che trovi in fondo ad ogni newsletter che ti abbiamo inviato. In alternativa, \u00e8 possibile scrivere all\u2019indirizzo e-mail <a href=\"mailto:privacy@acerorossodolomiti.it\">privacy@acerorossodolomiti.it<\/a>\u00a0dalla rispettiva casella di posta elettronica per revocare il consenso a servizi facoltativi.<\/p><h5>ESPORTAZIONE E CANCELLAZIONE DEI DATI PERSONALI<\/h5><p>Per esportare i tuoi dati personali oppure chiederne la cancellazione, puoi inviare una richiesta all\u2019indirizzo <a href=\"mailto:privacy@acerorossodolomiti.it\">privacy@acerorossodolomiti.it<\/a>\u00a0dalla casella di posta elettronica con cui ti sei registrato o che hai indicato come indirizzo di posta di riferimento.<\/p><hr \/><h4>MODALIT\u00c0 E TEMPI DI CONSERVAZIONE DEI DATI<\/h4><p>Il trattamento dei dati sar\u00e0 improntato ai principi di correttezza, liceit\u00e0 e trasparenza e potr\u00e0 essere effettuato anche attraverso modalit\u00e0 automatizzate atte a memorizzarli, gestirli e trasmetterli ed avverr\u00e0 mediante strumenti idonei, per quanto di ragione e allo stato della tecnica, a garantire la sicurezza e la riservatezza tramite l\u2019utilizzo di idonee procedure che evitino il rischio di perdita, accesso non autorizzato, uso illecito e diffusione. Il trattamento dei tuoi dati personali \u00e8 realizzato per mezzo delle operazioni indicate all\u2019art. 4 Codice Privacy e all\u2019art. 4 n. 2) GDPR e precisamente: raccolta, registrazione, organizzazione, conservazione, consultazione, elaborazione, modifica, selezione, estrazione, raffronto, utilizzo, interconnessione, blocco, comunicazione, cancellazione e distruzione dei dati. I dati personali sono sottoposti a trattamento sia cartaceo che elettronico e\/o automatizzato. Il trattamento dei dati potr\u00e0 essere soggetto in alcuni casi a un trasferimento all\u2019estero presso uno dei nostri responsabili del trattamento conformi all GDPR e Privacy Shield EU-US. Il Titolare tratter\u00e0 i dati personali per il tempo necessario per adempiere alle finalit\u00e0 di cui sopra fino a sua espressa revoca del consenso.<\/p><hr \/><h4>MISURE DI SICUREZZA PER LA PROTEZIONE DEI DATI<\/h4><p>I dati sono raccolti dai soggetti indicati, secondo le indicazioni della normativa di riferimento, con particolare riguardo alle misure di sicurezza previste dal GDPR (art. 32) per il loro trattamento mediante strumenti informatici, manuali ed automatizzati e con logiche strettamente correlate alle finalit\u00e0 indicate e comunque in modo da garantire la sicurezza e la riservatezza dei dati stessi.<\/p><hr \/><h4>MODIFICHE NEL TEMPO DELL\u2019INFORMATIVA SULLA PRIVACY<\/h4><p>L\u2019informativa potrebbe essere soggetta a modifiche. Qualora vengano apportate sostanziali modifiche all\u2019utilizzo dei dati relativi all\u2019utente da parte del Titolare, quest\u2019ultimo avviser\u00e0 l\u2019utente pubblicandole con la massima evidenza sulle proprie pagine o tramite mezzi alternativi o similari.<\/p><\/div>\t\t\t\t\t\t\t\t<\/div>\n\t\t\t\t<\/div>\n\t\t\t\t\t<\/div>\n\t\t\t\t<\/div>\n\t\t\t\t<\/div>\n\t\t","protected":false},"excerpt":{"rendered":"<p>Informativa sulla privacy (Art. 13 e 14 Regolamento UE 2016\/679) La presente informativa descrive le modalit\u00e0 di gestione del sito web Ristorante AceroRosso (www.acerorossodolomiti.it)\u00a0in riferimento al trattamento dei dati personali degli utenti, identificati o identificabili, che lo consultano e che interagiscono con esso. L\u2019informativa \u00e8 resa ai sensi del Regolamento UE 2016\/679 (\u201cGeneral Data Protection&hellip;<\/p>\n","protected":false},"author":1,"featured_media":0,"parent":0,"menu_order":0,"comment_status":"closed","ping_status":"open","template":"","meta":{"footnotes":""},"class_list":["post-8474","page","type-page","status-publish","hentry"],"_links":{"self":[{"href":"https:\/\/acerorossodolomiti.it\/en\/wp-json\/wp\/v2\/pages\/8474","targetHints":{"allow":["GET"]}}],"collection":[{"href":"https:\/\/acerorossodolomiti.it\/en\/wp-json\/wp\/v2\/pages"}],"about":[{"href":"https:\/\/acerorossodolomiti.it\/en\/wp-json\/wp\/v2\/types\/page"}],"author":[{"embeddable":true,"href":"https:\/\/acerorossodolomiti.it\/en\/wp-json\/wp\/v2\/users\/1"}],"replies":[{"embeddable":true,"href":"https:\/\/acerorossodolomiti.it\/en\/wp-json\/wp\/v2\/comments?post=8474"}],"version-history":[{"count":4,"href":"https:\/\/acerorossodolomiti.it\/en\/wp-json\/wp\/v2\/pages\/8474\/revisions"}],"predecessor-version":[{"id":8553,"href":"https:\/\/acerorossodolomiti.it\/en\/wp-json\/wp\/v2\/pages\/8474\/revisions\/8553"}],"wp:attachment":[{"href":"https:\/\/acerorossodolomiti.it\/en\/wp-json\/wp\/v2\/media?parent=8474"}],"curies":[{"name":"wp","href":"https:\/\/api.w.org\/{rel}","templated":true}]}}